{"id":832,"date":"2023-07-10T11:45:50","date_gmt":"2023-07-10T09:45:50","guid":{"rendered":"https:\/\/millbo.com\/?page_id=832"},"modified":"2023-10-12T16:44:22","modified_gmt":"2023-10-12T14:44:22","slug":"i-nostri-partner","status":"publish","type":"page","link":"https:\/\/millbo.com\/it\/i-nostri-partner","title":{"rendered":"I nostri partner"},"content":{"rendered":"<div data-elementor-type=\"wp-page\" data-elementor-id=\"832\" class=\"elementor elementor-832\" data-elementor-post-type=\"page\">\n\t\t\t\t\t\t<section class=\"elementor-section elementor-top-section elementor-element elementor-element-3626a9a5 elementor-section-full_width elementor-section-height-min-height elementor-section-height-default elementor-section-items-middle\" data-id=\"3626a9a5\" data-element_type=\"section\" data-e-type=\"section\" data-settings=\"{&quot;background_background&quot;:&quot;classic&quot;}\">\n\t\t\t\t\t\t<div class=\"elementor-container elementor-column-gap-default\">\n\t\t\t\t\t<div class=\"elementor-column elementor-col-100 elementor-top-column elementor-element elementor-element-5a48dd30\" data-id=\"5a48dd30\" data-element_type=\"column\" data-e-type=\"column\">\n\t\t\t<div class=\"elementor-widget-wrap elementor-element-populated\">\n\t\t\t\t\t\t<div class=\"elementor-element elementor-element-4719087 elementor-invisible elementor-widget elementor-widget-text-editor\" data-id=\"4719087\" data-element_type=\"widget\" data-e-type=\"widget\" data-settings=\"{&quot;_animation&quot;:&quot;fadeInRight&quot;}\" data-widget_type=\"text-editor.default\">\n\t\t\t\t<div class=\"elementor-widget-container\">\n\t\t\t\t\t\t\t\t\t<div class=\"inner\"><div style=\"font-size: 1.6em; line-height: 1.1em;\">I NOSTRI PARTNER<\/div><p>\u201cCuociamo\u201d buone idee<\/p><\/div>\t\t\t\t\t\t\t\t<\/div>\n\t\t\t\t<\/div>\n\t\t\t\t\t<\/div>\n\t\t<\/div>\n\t\t\t\t\t<\/div>\n\t\t<\/section>\n\t\t\t\t<section class=\"elementor-section elementor-top-section elementor-element elementor-element-b650255 elementor-section-full_width elementor-section-height-default elementor-section-height-default\" data-id=\"b650255\" data-element_type=\"section\" data-e-type=\"section\">\n\t\t\t\t\t\t<div class=\"elementor-container elementor-column-gap-no\">\n\t\t\t\t\t<div class=\"elementor-column elementor-col-100 elementor-top-column elementor-element elementor-element-7d4bfde\" data-id=\"7d4bfde\" data-element_type=\"column\" data-e-type=\"column\">\n\t\t\t<div class=\"elementor-widget-wrap elementor-element-populated\">\n\t\t\t\t\t\t<div class=\"elementor-element elementor-element-5cb3d87 elementor-widget elementor-widget-heading\" data-id=\"5cb3d87\" data-element_type=\"widget\" data-e-type=\"widget\" data-widget_type=\"heading.default\">\n\t\t\t\t<div class=\"elementor-widget-container\">\n\t\t\t\t\t<h2 class=\"elementor-heading-title elementor-size-default\">Perch\u00e9 lavoriamo con coloro che condividono la nostra passione per la qualit\u00e0<\/h2>\t\t\t\t<\/div>\n\t\t\t\t<\/div>\n\t\t\t\t\t<\/div>\n\t\t<\/div>\n\t\t\t\t\t<\/div>\n\t\t<\/section>\n\t\t\t\t<section class=\"elementor-section elementor-top-section elementor-element elementor-element-632f787 elementor-section-full_width elementor-section-height-min-height elementor-section-height-default elementor-section-items-middle\" data-id=\"632f787\" data-element_type=\"section\" data-e-type=\"section\">\n\t\t\t\t\t\t<div class=\"elementor-container elementor-column-gap-no\">\n\t\t\t\t\t<div class=\"elementor-column elementor-col-66 elementor-top-column elementor-element elementor-element-1bc37af\" data-id=\"1bc37af\" data-element_type=\"column\" data-e-type=\"column\">\n\t\t\t<div class=\"elementor-widget-wrap elementor-element-populated\">\n\t\t\t\t\t\t<div class=\"elementor-element elementor-element-292df42 elementor-widget elementor-widget-text-editor\" data-id=\"292df42\" data-element_type=\"widget\" data-e-type=\"widget\" data-widget_type=\"text-editor.default\">\n\t\t\t\t<div class=\"elementor-widget-container\">\n\t\t\t\t\t\t\t\t\t<p>Consideriamo la ricerca l\u2019ingrediente fondamentale per ogni grande innovazione di prodotto. Per questo scegliamo di collaborare con esperti del settore alimentare oltre che con rinomate fondazioni di ricerca scientifica.<\/p><p>Insieme agli esperti, analizziamo insieme le nuove tendenze osservate sul mercato, con l\u2019obiettivo di soddisfare e preservare le richieste dei consumatori.<\/p><p>Cerchiamo lo stesso livello di qualit\u00e0 anche nella scelta dei partner. Millbio collabora con l&#039;Universit\u00e0 del Gusto di Pollenzo, la Fondazione Veronesi, l&#039;Universit\u00e0 di Novara (Uniupo) e di Pavia, oltre al Politecnico di Singapore.<\/p><p>Il nostro obiettivo comune \u00e8 la panificazione di alta qualit\u00e0, in continua evoluzione.\u00a0<\/p>\t\t\t\t\t\t\t\t<\/div>\n\t\t\t\t<\/div>\n\t\t\t\t\t<\/div>\n\t\t<\/div>\n\t\t\t\t<div class=\"elementor-column elementor-col-33 elementor-top-column elementor-element elementor-element-279632a\" data-id=\"279632a\" data-element_type=\"column\" data-e-type=\"column\">\n\t\t\t<div class=\"elementor-widget-wrap elementor-element-populated\">\n\t\t\t\t\t\t<div class=\"elementor-element elementor-element-99803a5 elementor-widget elementor-widget-image\" data-id=\"99803a5\" data-element_type=\"widget\" data-e-type=\"widget\" data-widget_type=\"image.default\">\n\t\t\t\t<div class=\"elementor-widget-container\">\n\t\t\t\t\t\t\t\t\t\t\t\t\t\t\t<img fetchpriority=\"high\" decoding=\"async\" width=\"500\" height=\"500\" src=\"https:\/\/millbo.com\/wp-content\/uploads\/sites\/2\/2023\/08\/VERONESI-LOGO.png\" class=\"attachment-full size-full wp-image-1343\" alt=\"\" srcset=\"https:\/\/millbo.com\/wp-content\/uploads\/sites\/2\/2023\/08\/VERONESI-LOGO.png 500w, https:\/\/millbo.com\/wp-content\/uploads\/sites\/2\/2023\/08\/VERONESI-LOGO-300x300.png 300w, https:\/\/millbo.com\/wp-content\/uploads\/sites\/2\/2023\/08\/VERONESI-LOGO-150x150.png 150w, https:\/\/millbo.com\/wp-content\/uploads\/sites\/2\/2023\/08\/VERONESI-LOGO-12x12.png 12w\" sizes=\"(max-width: 500px) 100vw, 500px\" \/>\t\t\t\t\t\t\t\t\t\t\t\t\t\t\t<\/div>\n\t\t\t\t<\/div>\n\t\t\t\t<div class=\"elementor-element elementor-element-d4dc304 elementor-widget elementor-widget-image\" data-id=\"d4dc304\" data-element_type=\"widget\" data-e-type=\"widget\" data-widget_type=\"image.default\">\n\t\t\t\t<div class=\"elementor-widget-container\">\n\t\t\t\t\t\t\t\t\t\t\t\t\t\t\t<img decoding=\"async\" width=\"500\" height=\"500\" src=\"https:\/\/millbo.com\/wp-content\/uploads\/sites\/2\/2023\/08\/UNI-POLLENZO.png\" class=\"attachment-full size-full wp-image-1341\" alt=\"\" srcset=\"https:\/\/millbo.com\/wp-content\/uploads\/sites\/2\/2023\/08\/UNI-POLLENZO.png 500w, https:\/\/millbo.com\/wp-content\/uploads\/sites\/2\/2023\/08\/UNI-POLLENZO-300x300.png 300w, https:\/\/millbo.com\/wp-content\/uploads\/sites\/2\/2023\/08\/UNI-POLLENZO-150x150.png 150w, https:\/\/millbo.com\/wp-content\/uploads\/sites\/2\/2023\/08\/UNI-POLLENZO-12x12.png 12w\" sizes=\"(max-width: 500px) 100vw, 500px\" \/>\t\t\t\t\t\t\t\t\t\t\t\t\t\t\t<\/div>\n\t\t\t\t<\/div>\n\t\t\t\t<div class=\"elementor-element elementor-element-24bc8ff elementor-widget elementor-widget-image\" data-id=\"24bc8ff\" data-element_type=\"widget\" data-e-type=\"widget\" data-widget_type=\"image.default\">\n\t\t\t\t<div class=\"elementor-widget-container\">\n\t\t\t\t\t\t\t\t\t\t\t\t\t\t\t<img decoding=\"async\" width=\"500\" height=\"500\" src=\"https:\/\/millbo.com\/wp-content\/uploads\/sites\/2\/2023\/08\/LOGO-UNI-PAVIA.png\" class=\"attachment-full size-full wp-image-1340\" alt=\"\" srcset=\"https:\/\/millbo.com\/wp-content\/uploads\/sites\/2\/2023\/08\/LOGO-UNI-PAVIA.png 500w, https:\/\/millbo.com\/wp-content\/uploads\/sites\/2\/2023\/08\/LOGO-UNI-PAVIA-300x300.png 300w, https:\/\/millbo.com\/wp-content\/uploads\/sites\/2\/2023\/08\/LOGO-UNI-PAVIA-150x150.png 150w, https:\/\/millbo.com\/wp-content\/uploads\/sites\/2\/2023\/08\/LOGO-UNI-PAVIA-12x12.png 12w\" sizes=\"(max-width: 500px) 100vw, 500px\" \/>\t\t\t\t\t\t\t\t\t\t\t\t\t\t\t<\/div>\n\t\t\t\t<\/div>\n\t\t\t\t<div class=\"elementor-element elementor-element-39bc8b2 elementor-widget elementor-widget-image\" data-id=\"39bc8b2\" data-element_type=\"widget\" data-e-type=\"widget\" data-widget_type=\"image.default\">\n\t\t\t\t<div class=\"elementor-widget-container\">\n\t\t\t\t\t\t\t\t\t\t\t\t\t\t\t<img loading=\"lazy\" decoding=\"async\" width=\"500\" height=\"500\" src=\"https:\/\/millbo.com\/wp-content\/uploads\/sites\/2\/2023\/08\/UPO-LOGO.png\" class=\"attachment-full size-full wp-image-1342\" alt=\"\" srcset=\"https:\/\/millbo.com\/wp-content\/uploads\/sites\/2\/2023\/08\/UPO-LOGO.png 500w, https:\/\/millbo.com\/wp-content\/uploads\/sites\/2\/2023\/08\/UPO-LOGO-300x300.png 300w, https:\/\/millbo.com\/wp-content\/uploads\/sites\/2\/2023\/08\/UPO-LOGO-150x150.png 150w, https:\/\/millbo.com\/wp-content\/uploads\/sites\/2\/2023\/08\/UPO-LOGO-12x12.png 12w\" sizes=\"(max-width: 500px) 100vw, 500px\" \/>\t\t\t\t\t\t\t\t\t\t\t\t\t\t\t<\/div>\n\t\t\t\t<\/div>\n\t\t\t\t\t<\/div>\n\t\t<\/div>\n\t\t\t\t\t<\/div>\n\t\t<\/section>\n\t\t\t\t<\/div>","protected":false},"excerpt":{"rendered":"<p>OUR PARTNERS Let&#8217;s &#8220;bake&#8221; good ideas Why we work with those who share our passion for quality\u200b We see research as the most basic ingredient for every great product innovation. This is why we choose to work with experts in the food sector as well as with renowned scientific research foundations. In conjunction with the [&hellip;]<\/p>\n","protected":false},"author":1,"featured_media":0,"parent":0,"menu_order":0,"comment_status":"closed","ping_status":"closed","template":"","meta":{"footnotes":""},"class_list":["post-832","page","type-page","status-publish","hentry"],"yoast_head":"<!-- This site is optimized with the Yoast SEO plugin v27.0 - https:\/\/yoast.com\/product\/yoast-seo-wordpress\/ -->\n<title>Our Partners - Millbo<\/title>\n<meta name=\"robots\" content=\"index, follow, max-snippet:-1, max-image-preview:large, max-video-preview:-1\" \/>\n<link rel=\"canonical\" href=\"https:\/\/millbo.com\/it\/i-nostri-partner\" \/>\n<meta property=\"og:locale\" content=\"it_IT\" \/>\n<meta property=\"og:type\" content=\"article\" \/>\n<meta property=\"og:title\" content=\"Our Partners - Millbo\" \/>\n<meta property=\"og:description\" content=\"OUR PARTNERS Let&#8217;s &#8220;bake&#8221; good ideas Why we work with those who share our passion for quality\u200b We see research as the most basic ingredient for every great product innovation. This is why we choose to work with experts in the food sector as well as with renowned scientific research foundations. In conjunction with the [&hellip;]\" \/>\n<meta property=\"og:url\" content=\"https:\/\/millbo.com\/it\/i-nostri-partner\" \/>\n<meta property=\"og:site_name\" content=\"Millbo\" \/>\n<meta property=\"article:modified_time\" content=\"2023-10-12T14:44:22+00:00\" \/>\n<meta property=\"og:image\" content=\"https:\/\/millbo.com\/wp-content\/uploads\/sites\/2\/2023\/08\/VERONESI-LOGO.png\" \/>\n<meta name=\"twitter:card\" content=\"summary_large_image\" \/>\n<meta name=\"twitter:label1\" content=\"Tempo di lettura stimato\" \/>\n\t<meta name=\"twitter:data1\" content=\"2 minuti\" \/>\n<script type=\"application\/ld+json\" class=\"yoast-schema-graph\">{\"@context\":\"https:\/\/schema.org\",\"@graph\":[{\"@type\":\"WebPage\",\"@id\":\"https:\/\/millbo.com\/our-partners\",\"url\":\"https:\/\/millbo.com\/our-partners\",\"name\":\"Our Partners - Millbo\",\"isPartOf\":{\"@id\":\"https:\/\/millbo.com\/#website\"},\"primaryImageOfPage\":{\"@id\":\"https:\/\/millbo.com\/our-partners#primaryimage\"},\"image\":{\"@id\":\"https:\/\/millbo.com\/our-partners#primaryimage\"},\"thumbnailUrl\":\"https:\/\/millbo.com\/wp-content\/uploads\/sites\/2\/2023\/08\/VERONESI-LOGO.png\",\"datePublished\":\"2023-07-10T09:45:50+00:00\",\"dateModified\":\"2023-10-12T14:44:22+00:00\",\"breadcrumb\":{\"@id\":\"https:\/\/millbo.com\/our-partners#breadcrumb\"},\"inLanguage\":\"it-IT\",\"potentialAction\":[{\"@type\":\"ReadAction\",\"target\":[\"https:\/\/millbo.com\/our-partners\"]}]},{\"@type\":\"ImageObject\",\"inLanguage\":\"it-IT\",\"@id\":\"https:\/\/millbo.com\/our-partners#primaryimage\",\"url\":\"https:\/\/millbo.com\/wp-content\/uploads\/sites\/2\/2023\/08\/VERONESI-LOGO.png\",\"contentUrl\":\"https:\/\/millbo.com\/wp-content\/uploads\/sites\/2\/2023\/08\/VERONESI-LOGO.png\"},{\"@type\":\"BreadcrumbList\",\"@id\":\"https:\/\/millbo.com\/our-partners#breadcrumb\",\"itemListElement\":[{\"@type\":\"ListItem\",\"position\":1,\"name\":\"Home\",\"item\":\"https:\/\/millbo.com\/\"},{\"@type\":\"ListItem\",\"position\":2,\"name\":\"Our Partners\"}]},{\"@type\":\"WebSite\",\"@id\":\"https:\/\/millbo.com\/#website\",\"url\":\"https:\/\/millbo.com\/\",\"name\":\"Millbo\",\"description\":\"Natural solution for contemporary baking\",\"publisher\":{\"@id\":\"https:\/\/millbo.com\/#organization\"},\"potentialAction\":[{\"@type\":\"SearchAction\",\"target\":{\"@type\":\"EntryPoint\",\"urlTemplate\":\"https:\/\/millbo.com\/?s={search_term_string}\"},\"query-input\":{\"@type\":\"PropertyValueSpecification\",\"valueRequired\":true,\"valueName\":\"search_term_string\"}}],\"inLanguage\":\"it-IT\"},{\"@type\":\"Organization\",\"@id\":\"https:\/\/millbo.com\/#organization\",\"name\":\"Millbo srl\",\"url\":\"https:\/\/millbo.com\/\",\"logo\":{\"@type\":\"ImageObject\",\"inLanguage\":\"it-IT\",\"@id\":\"https:\/\/millbo.com\/#\/schema\/logo\/image\/\",\"url\":\"https:\/\/millbo.com\/wp-content\/uploads\/sites\/2\/2023\/05\/logo_millbo.png\",\"contentUrl\":\"https:\/\/millbo.com\/wp-content\/uploads\/sites\/2\/2023\/05\/logo_millbo.png\",\"width\":310,\"height\":102,\"caption\":\"Millbo srl\"},\"image\":{\"@id\":\"https:\/\/millbo.com\/#\/schema\/logo\/image\/\"},\"sameAs\":[\"https:\/\/www.instagram.com\/millbochannel\"]}]}<\/script>\n<!-- \/ Yoast SEO plugin. -->","yoast_head_json":{"title":"I nostri partner - Millbo","robots":{"index":"index","follow":"follow","max-snippet":"max-snippet:-1","max-image-preview":"max-image-preview:large","max-video-preview":"max-video-preview:-1"},"canonical":"https:\/\/millbo.com\/it\/i-nostri-partner","og_locale":"it_IT","og_type":"article","og_title":"Our Partners - Millbo","og_description":"OUR PARTNERS Let&#8217;s &#8220;bake&#8221; good ideas Why we work with those who share our passion for quality\u200b We see research as the most basic ingredient for every great product innovation. This is why we choose to work with experts in the food sector as well as with renowned scientific research foundations. In conjunction with the [&hellip;]","og_url":"https:\/\/millbo.com\/it\/i-nostri-partner","og_site_name":"Millbo","article_modified_time":"2023-10-12T14:44:22+00:00","og_image":[{"url":"https:\/\/millbo.com\/wp-content\/uploads\/sites\/2\/2023\/08\/VERONESI-LOGO.png","type":"","width":"","height":""}],"twitter_card":"summary_large_image","twitter_misc":{"Tempo di lettura stimato":"2 minuti"},"schema":{"@context":"https:\/\/schema.org","@graph":[{"@type":"WebPage","@id":"https:\/\/millbo.com\/our-partners","url":"https:\/\/millbo.com\/our-partners","name":"I nostri partner - Millbo","isPartOf":{"@id":"https:\/\/millbo.com\/#website"},"primaryImageOfPage":{"@id":"https:\/\/millbo.com\/our-partners#primaryimage"},"image":{"@id":"https:\/\/millbo.com\/our-partners#primaryimage"},"thumbnailUrl":"https:\/\/millbo.com\/wp-content\/uploads\/sites\/2\/2023\/08\/VERONESI-LOGO.png","datePublished":"2023-07-10T09:45:50+00:00","dateModified":"2023-10-12T14:44:22+00:00","breadcrumb":{"@id":"https:\/\/millbo.com\/our-partners#breadcrumb"},"inLanguage":"it-IT","potentialAction":[{"@type":"ReadAction","target":["https:\/\/millbo.com\/our-partners"]}]},{"@type":"ImageObject","inLanguage":"it-IT","@id":"https:\/\/millbo.com\/our-partners#primaryimage","url":"https:\/\/millbo.com\/wp-content\/uploads\/sites\/2\/2023\/08\/VERONESI-LOGO.png","contentUrl":"https:\/\/millbo.com\/wp-content\/uploads\/sites\/2\/2023\/08\/VERONESI-LOGO.png"},{"@type":"BreadcrumbList","@id":"https:\/\/millbo.com\/our-partners#breadcrumb","itemListElement":[{"@type":"ListItem","position":1,"name":"Home","item":"https:\/\/millbo.com\/"},{"@type":"ListItem","position":2,"name":"Our Partners"}]},{"@type":"WebSite","@id":"https:\/\/millbo.com\/#website","url":"https:\/\/millbo.com\/","name":"Millbo","description":"Soluzione naturale per la panificazione contemporanea","publisher":{"@id":"https:\/\/millbo.com\/#organization"},"potentialAction":[{"@type":"SearchAction","target":{"@type":"EntryPoint","urlTemplate":"https:\/\/millbo.com\/?s={search_term_string}"},"query-input":{"@type":"PropertyValueSpecification","valueRequired":true,"valueName":"search_term_string"}}],"inLanguage":"it-IT"},{"@type":"Organization","@id":"https:\/\/millbo.com\/#organization","name":"Millbo srl","url":"https:\/\/millbo.com\/","logo":{"@type":"ImageObject","inLanguage":"it-IT","@id":"https:\/\/millbo.com\/#\/schema\/logo\/image\/","url":"https:\/\/millbo.com\/wp-content\/uploads\/sites\/2\/2023\/05\/logo_millbo.png","contentUrl":"https:\/\/millbo.com\/wp-content\/uploads\/sites\/2\/2023\/05\/logo_millbo.png","width":310,"height":102,"caption":"Millbo srl"},"image":{"@id":"https:\/\/millbo.com\/#\/schema\/logo\/image\/"},"sameAs":["https:\/\/www.instagram.com\/millbochannel"]}]}},"_links":{"self":[{"href":"https:\/\/millbo.com\/it\/wp-json\/wp\/v2\/pages\/832","targetHints":{"allow":["GET"]}}],"collection":[{"href":"https:\/\/millbo.com\/it\/wp-json\/wp\/v2\/pages"}],"about":[{"href":"https:\/\/millbo.com\/it\/wp-json\/wp\/v2\/types\/page"}],"author":[{"embeddable":true,"href":"https:\/\/millbo.com\/it\/wp-json\/wp\/v2\/users\/1"}],"replies":[{"embeddable":true,"href":"https:\/\/millbo.com\/it\/wp-json\/wp\/v2\/comments?post=832"}],"version-history":[{"count":56,"href":"https:\/\/millbo.com\/it\/wp-json\/wp\/v2\/pages\/832\/revisions"}],"predecessor-version":[{"id":2631,"href":"https:\/\/millbo.com\/it\/wp-json\/wp\/v2\/pages\/832\/revisions\/2631"}],"wp:attachment":[{"href":"https:\/\/millbo.com\/it\/wp-json\/wp\/v2\/media?parent=832"}],"curies":[{"name":"scrivere","href":"https:\/\/api.w.org\/{rel}","templated":true}]}}