{"id":2513,"date":"2023-10-10T15:30:34","date_gmt":"2023-10-10T13:30:34","guid":{"rendered":"https:\/\/millbo.com\/?page_id=2513"},"modified":"2026-03-20T16:24:24","modified_gmt":"2026-03-20T15:24:24","slug":"cookies-policy","status":"publish","type":"page","link":"https:\/\/millbo.com\/en\/cookies-policy","title":{"rendered":"Cookies Policy"},"content":{"rendered":"\t\t<div data-elementor-type=\"wp-page\" data-elementor-id=\"2513\" class=\"elementor elementor-2513\" data-elementor-post-type=\"page\">\n\t\t\t\t\t\t<section class=\"elementor-section elementor-top-section elementor-element elementor-element-1e277eb elementor-section-boxed elementor-section-height-default elementor-section-height-default\" data-id=\"1e277eb\" data-element_type=\"section\" data-e-type=\"section\">\n\t\t\t\t\t\t<div class=\"elementor-container elementor-column-gap-default\">\n\t\t\t\t\t<div class=\"elementor-column elementor-col-100 elementor-top-column elementor-element elementor-element-df867c8\" data-id=\"df867c8\" data-element_type=\"column\" data-e-type=\"column\">\n\t\t\t<div class=\"elementor-widget-wrap elementor-element-populated\">\n\t\t\t\t\t\t<div class=\"elementor-element elementor-element-1caa3d5 elementor-widget elementor-widget-heading\" data-id=\"1caa3d5\" data-element_type=\"widget\" data-e-type=\"widget\" data-widget_type=\"heading.default\">\n\t\t\t\t<div class=\"elementor-widget-container\">\n\t\t\t\t\t<h2 class=\"elementor-heading-title elementor-size-default\">Privacy Policy e Cookies<\/h2>\t\t\t\t<\/div>\n\t\t\t\t<\/div>\n\t\t\t\t<div class=\"elementor-element elementor-element-0595ba4 elementor-widget elementor-widget-text-editor\" data-id=\"0595ba4\" data-element_type=\"widget\" data-e-type=\"widget\" data-widget_type=\"text-editor.default\">\n\t\t\t\t<div class=\"elementor-widget-container\">\n\t\t\t\t\t\t\t\t\tLa presente informativa \u00e8 resa agli Utenti del sito web https:\/\/millbo.com\/\/ (di seguito: &#8220;Sito web&#8221;) ai sensi dell\u2019art. 13 del Regolamento 679\/2016 \u2013 GDPR ed ha lo scopo di descrivere le modalit\u00e0 di gestione del Sito con riferimento al trattamento dei dati personali.\n<ol>\n \t<li>\n<h5>TITOLARE DEL SITO WEB E DEL TRATTAMENTO E DATI<\/h5>\nIl Titolare del trattamento \u00e8 la societ\u00e0 MILLBO s.r.l. e-mail\n<a href=\"mailto:info@millbo.it\">info@millbo.it<\/a><\/li>\n \t<li>\n<h5>RESPONSABILE DELLA PROTEZIONE DEI DATI<\/h5>\nIl DPO della societ\u00e0 MILLBO srl \u00e8 disponibile all\u2019indirizzo e-mail\n<a href=\"mailto:marchetti@avvocatomartinamarchetti.it\">marchetti@avvocatomartinamarchetti.it<\/a><\/li>\n \t<li>\n<h5>TIPOLOGIA DI DATI PERSONALI, FINALITA\u2019 E BASE GIURIDICA DEI TRATTAMENTI<\/h5>\n<table border=\"1\">\n<thead>\n<tr>\n<th><b>ATTIVITA\u2019 DI TRATTAMENTO<\/b><\/th>\n<th><b>FINALITA\u2019<\/b><\/th>\n<th><b>BASE GIURIDICA<\/b><\/th>\n<th><b>CONSERVAZIONE DATI PERSONALI<\/b><\/th>\n<\/tr>\n<\/thead>\n<tbody>\n<tr>\n<td><b>GESTIONE RICHIESTA CAMPIONI (PANVIVOGLP1VE)<\/b><\/td>\n<td>Il trattamento dei dati comuni (nome, cognome, azienda, ruolo, email, indirizzo di spedizione) \u00e8 necessario alla gestione delle richieste degli utenti, all\u2019&#8217;evasione degli ordini e alla spedizione fisica del campione omaggio del prodotto PanvivoGLP1ve all&#8217;indirizzo indicato dall&#8217;utente nel form.<\/td>\n<td>La base giuridica di tale trattamento \u00e8 l\u2019esecuzione di misure precontrattuali adottate su richiesta dell&#8217;interessato (art. 6, par. 1, lett. b) GDPR).<\/td>\n<td>I dati raccolti per la finalit\u00e0 di gestione e invio campioni omaggio saranno conservati per il tempo strettamente necessario all&#8217;evasione della richiesta e alla spedizione del prodotto, e comunque per un periodo non superiore a 24 mesi per finalit\u00e0 amministrative e di verifica della ricezione<\/td>\n<\/tr>\n<tr>\n<td><b>MARKETING DIRETTO<\/b><\/td>\n<td>Il trattamento dei dati di contatto (email, nome, azienda) \u00e8 finalizzato all\u2019invio di comunicazioni commerciali, materiale pubblicitario e informativo relativo ai prodotti e servizi offerti da MILLBO S.r.l. tramite sistemi automatizzati (newsletter\/email).<\/td>\n<td>La base giuridica di tale trattamento \u00e8 il consenso libero, specifico e informato espresso dall&#8217;interessato tramite l&#8217;apposita checkbox presente sul form (art. 6, par. 1, lett. a) GDPR).<\/td>\n<td>I dati raccolti per finalit\u00e0 di Marketing Diretto saranno conservati per un periodo massimo di 24 mesi dalla raccolta o dall&#8217;ultima interazione significativa con l&#8217;interessato, fatta salva la revoca del consenso (opt-out) che pu\u00f2 essere esercitata in qualsiasi momento<\/td>\n<\/tr>\n<tr>\n<td><b>COOKIES E STRUMENTI DI TRACCIAMENTO<\/b><\/td>\n<td colspan=\"3\">Si veda punto 7 della presente informativa<\/td>\n<\/tr>\n<\/tbody>\n<\/table>\n<\/li>\n \t<li>\n<h5>DESTINATARI DEL TRATTAMENTO<\/h5>\nI dati personali trattati dal Titolare del trattamento non sono diffusi. I dati personali possono essere comunicati ai lavoratori che operano alle dipendenze del Titolare, in qualit\u00e0 di autorizzati al trattamento ed ai soggetti esterni che con esso collaborano designati in qualit\u00e0 di Responsabili del trattamento o comunque operanti sotto l&#8217;autorit\u00e0 del titolare del trattamento. Nella specie, oltre al Titolare, potrebbero avere accesso ai dati altri soggetti coinvolti nell&#8217;organizzazione del Sito (personale amministrativo, commerciale, marketing, legali, amministratori di sistema) ovvero soggetti esterni (come fornitori di servizi tecnici terzi, corrieri postali, hosting provider, societ\u00e0 informatiche, agenzie di comunicazione). Resta fermo, ove richiesto, l&#8217;obbligo del Titolare di comunicare i dati ad Autorit\u00e0 Pubbliche al fine di rispettare un procedimento legale o di proteggere i diritti, la propriet\u00e0 o la sicurezza del Titolare e dei relativi utenti e del pubblico.\n\nOltre ai soggetti gi\u00e0 indicati, i dati potranno essere comunicati a societ\u00e0 di spedizione e logistica incaricate della consegna dei campioni omaggio.<\/li>\n \t<li>\n<h5>TRASFERIMENTO DEI DATI PERSONALI<\/h5>\nIl presente sito non condivide dati con servizi localizzati al di fuori dello Spazio Economico Europeo (SEE) e, in ogni caso, si avvale di fornitori con server localizzati in Paesi per i quali la Commissione Europea ha emesso regolare decisione di adeguatezza ai sensi degli art. 45 e ss. GDPR.<\/li>\n \t<li>\n<h5>CONFERIMENTO DEI DATI PERSONALI<\/h5>\nIl conferimento dei dati per la finalit\u00e0 di invio campioni \u00e8 necessario per dare seguito alla richiesta dell\u2019interessato; in caso di mancato conferimento, MILLBO non potr\u00e0 spedire il prodotto.\nIl conferimento per la finalit\u00e0 di marketing diretto \u00e8 invece del tutto facoltativo; il mancato consenso non pregiudica la ricezione del campione.<\/li>\n \t<li>\n<h5>COOKIE E STRUMENTI DI TRACCIAMENTO<\/h5>\nI sistemi informatici e le procedure software preposte al funzionamento del presente Sito web acquisiscono, nel corso del loro normale esercizio, alcuni dati personali di navigazione la cui trasmissione \u00e8 implicita nell&#8217;uso dei protocolli di comunicazione di Internet. In questa categoria di dati rientrano gli indirizzi IP o i nomi a dominio dei computer, l&#8217;orario della richiesta, il metodo utilizzato nel sottoporre la richiesta al server, la dimensione del file ottenuto in risposta, il codice numerico indicante lo stato della risposta data dal server (buon fine, errore, ecc.) ed altri parametri relativi al sistema operativo e all&#8217;ambiente informatico dell&#8217;utente.\nL\u2019installazione dei cookie tecnici e dei dati di navigazione \u00e8 necessaria al fine di permettere l\u2019esecuzione di un servizio richiesto dall\u2019utente, ossia il funzionamento del sito web (art. 122 del Codice Privacy e art. 6, lett. b) GDPR).\n\n<b>Basi giuridiche dei cookie presenti sul sito del Titolare:<\/b>\n<ul>\n \t<li>Cookie Tecnici: L\u2019installazione dei cookie tecnici e dei dati di navigazione \u00e8 necessaria al fine di permettere l\u2019esecuzione di un servizio richiesto dall\u2019utente, ossia il funzionamento del sito web (art. 122 del Codice Privacy e art. 6, lett. b) GDPR).<\/li>\n \t<li>Cookie di Marketing e Profilazione (ove presenti): utilizzati, previo consenso dell&#8217;interessato (Art. 6.1.a GDPR), per analizzare il traffico, personalizzare i contenuti o inviare comunicazioni pubblicitarie mirate. L\u2019utente pu\u00f2 revocare o modificare il consenso in qualsiasi momento tramite il banner cookie.<\/li>\n<\/ul>\n<b>Interazione con Social Network e piattaforme esterne:<\/b>\nIl sito web incorpora link e widget di terze parti (es. Instagram, LinkedIn, YouTube) per consentire la condivisione dei contenuti o la visualizzazione di video. Quando l\u2019utente interagisce con questi link, il browser si collega direttamente ai server dei social network, i quali possono tracciare la visita e associarla all\u2019account dell\u2019utente se connesso.\n<ul>\n \t<li><b>Instagram:<\/b> [<a href=\"https:\/\/about.instagram.com\/it-it\/safety\/privacy\">Link alla privacy policy<\/a>]<\/li>\n \t<li><b>LinkedIn:<\/b> [<a href=\"https:\/\/it.linkedin.com\/legal\/cookie-policy\">Link alla privacy policy<\/a>]<\/li>\n \t<li><b>YouTube (Google):<\/b> [<a href=\"https:\/\/www.youtube.com\/intl\/ALL_it\/howyoutubeworks\/privacy\/\">Link alla privacy policy<\/a>]<\/li>\n<\/ul>\n<b>Tipologie di Cookie utilizzati:<\/b>\n<table border=\"1\">\n<thead>\n<tr>\n<th>NOME<\/th>\n<th>TIPOLOGIA<\/th>\n<th>PRIMA\/TERZA PARTE<\/th>\n<th>FINALITA\u2019<\/th>\n<th>PERIODO CONSERVAZIONE<\/th>\n<\/tr>\n<\/thead>\n<tbody>\n<tr>\n<td>\u00a0wp_lang<\/td>\n<td>\u00a0tecnico<\/td>\n<td>prima<\/td>\n<td>Selezione delle lingua del sito web<\/td>\n<td>\u00a0Sessione corrente<\/td>\n<\/tr>\n<tr>\n<td>\u00a0_GRECAPTCHA<\/td>\n<td>\u00a0tecnico<\/td>\n<td>terza<\/td>\n<td>Prevenzione dello spam<\/td>\n<td>\u00a0180 Giorni<\/td>\n<\/tr>\n<\/tbody>\n<\/table>\n<\/li>\n \t<li>\n<h5>DIRITTI DEGLI INTERESSATI<\/h5>\nNel rispetto dei limiti e delle condizioni previste dalla normativa in materia di protezione dati personali, per quanto concerne i trattamenti oggetto della presente Informativa, ogni Utente, in qualit\u00e0 di interessato, ha il diritto di chiedere al Titolare del trattamento:\n<ul>\n \t<li>l&#8217;accesso ai propri dati;<\/li>\n \t<li>la verifica e rettifica dei propri dati;<\/li>\n \t<li>la revoca del consenso precedentemente prestato in qualsiasi momento;<\/li>\n \t<li>di opporsi al trattamento dei propri dati;<\/li>\n \t<li>la limitazione del trattamento;<\/li>\n \t<li>la cancellazione o rimozione dei propri dati personali;<\/li>\n \t<li>il diritto alla portabilit\u00e0.<\/li>\n<\/ul>\nL&#8217;interessato ha inoltre il diritto di proporre reclamo all&#8217;Autorit\u00e0 di controllo della protezione dei dati personali competente o agire in sede giudiziale, nel caso in cui ritenga che i trattamenti che lo riguardano violino le norme del GDPR, ai sensi dell&#8217;art. 77 del GDPR. Per esercitare i propri diritti, gli Utenti possono indirizzare una richiesta all\u2019indirizzo e-mail del Titolare del trattamento, all\u2019indirizzo e-mail sopra indicato.<\/li>\n<\/ol>\t\t\t\t\t\t\t\t<\/div>\n\t\t\t\t<\/div>\n\t\t\t\t\t<\/div>\n\t\t<\/div>\n\t\t\t\t\t<\/div>\n\t\t<\/section>\n\t\t\t\t<\/div>\n\t\t","protected":false},"excerpt":{"rendered":"<p>Privacy Policy e Cookies La presente informativa \u00e8 resa agli Utenti del sito web https:\/\/millbo.com\/\/ (di seguito: &#8220;Sito web&#8221;) ai sensi dell\u2019art. 13 del Regolamento 679\/2016 \u2013 GDPR ed ha lo scopo di descrivere le modalit\u00e0 di gestione del Sito con riferimento al trattamento dei dati personali. TITOLARE DEL SITO WEB E DEL TRATTAMENTO E [&hellip;]<\/p>\n","protected":false},"author":1,"featured_media":0,"parent":0,"menu_order":0,"comment_status":"closed","ping_status":"closed","template":"","meta":{"footnotes":""},"class_list":["post-2513","page","type-page","status-publish","hentry"],"yoast_head":"<!-- This site is optimized with the Yoast SEO plugin v27.3 - https:\/\/yoast.com\/product\/yoast-seo-wordpress\/ -->\n<title>Cookies Policy - Millbo<\/title>\n<meta name=\"robots\" content=\"index, follow, max-snippet:-1, max-image-preview:large, max-video-preview:-1\" \/>\n<link rel=\"canonical\" href=\"https:\/\/millbo.com\/en\/cookies-policy\/\" \/>\n<meta property=\"og:locale\" content=\"en_US\" \/>\n<meta property=\"og:type\" content=\"article\" \/>\n<meta property=\"og:title\" content=\"Cookies Policy - Millbo\" \/>\n<meta property=\"og:description\" content=\"Privacy Policy e Cookies La presente informativa \u00e8 resa agli Utenti del sito web https:\/\/millbo.com\/\/ (di seguito: &#8220;Sito web&#8221;) ai sensi dell\u2019art. 13 del Regolamento 679\/2016 \u2013 GDPR ed ha lo scopo di descrivere le modalit\u00e0 di gestione del Sito con riferimento al trattamento dei dati personali. TITOLARE DEL SITO WEB E DEL TRATTAMENTO E [&hellip;]\" \/>\n<meta property=\"og:url\" content=\"https:\/\/millbo.com\/en\/cookies-policy\/\" \/>\n<meta property=\"og:site_name\" content=\"Millbo\" \/>\n<meta property=\"article:modified_time\" content=\"2026-03-20T15:24:24+00:00\" \/>\n<meta name=\"twitter:card\" content=\"summary_large_image\" \/>\n<meta name=\"twitter:label1\" content=\"Est. reading time\" \/>\n\t<meta name=\"twitter:data1\" content=\"6 minutes\" \/>\n<script type=\"application\/ld+json\" class=\"yoast-schema-graph\">{\"@context\":\"https:\\\/\\\/schema.org\",\"@graph\":[{\"@type\":\"WebPage\",\"@id\":\"https:\\\/\\\/millbo.com\\\/cookies-policy\",\"url\":\"https:\\\/\\\/millbo.com\\\/cookies-policy\",\"name\":\"Cookies Policy - Millbo\",\"isPartOf\":{\"@id\":\"https:\\\/\\\/millbo.com\\\/#website\"},\"datePublished\":\"2023-10-10T13:30:34+00:00\",\"dateModified\":\"2026-03-20T15:24:24+00:00\",\"breadcrumb\":{\"@id\":\"https:\\\/\\\/millbo.com\\\/cookies-policy#breadcrumb\"},\"inLanguage\":\"en-US\",\"potentialAction\":[{\"@type\":\"ReadAction\",\"target\":[\"https:\\\/\\\/millbo.com\\\/cookies-policy\"]}]},{\"@type\":\"BreadcrumbList\",\"@id\":\"https:\\\/\\\/millbo.com\\\/cookies-policy#breadcrumb\",\"itemListElement\":[{\"@type\":\"ListItem\",\"position\":1,\"name\":\"Home\",\"item\":\"https:\\\/\\\/millbo.com\\\/\"},{\"@type\":\"ListItem\",\"position\":2,\"name\":\"Cookies Policy\"}]},{\"@type\":\"WebSite\",\"@id\":\"https:\\\/\\\/millbo.com\\\/#website\",\"url\":\"https:\\\/\\\/millbo.com\\\/\",\"name\":\"Millbo\",\"description\":\"Natural solution for contemporary baking\",\"publisher\":{\"@id\":\"https:\\\/\\\/millbo.com\\\/#organization\"},\"potentialAction\":[{\"@type\":\"SearchAction\",\"target\":{\"@type\":\"EntryPoint\",\"urlTemplate\":\"https:\\\/\\\/millbo.com\\\/?s={search_term_string}\"},\"query-input\":{\"@type\":\"PropertyValueSpecification\",\"valueRequired\":true,\"valueName\":\"search_term_string\"}}],\"inLanguage\":\"en-US\"},{\"@type\":\"Organization\",\"@id\":\"https:\\\/\\\/millbo.com\\\/#organization\",\"name\":\"Millbo srl\",\"url\":\"https:\\\/\\\/millbo.com\\\/\",\"logo\":{\"@type\":\"ImageObject\",\"inLanguage\":\"en-US\",\"@id\":\"https:\\\/\\\/millbo.com\\\/#\\\/schema\\\/logo\\\/image\\\/\",\"url\":\"https:\\\/\\\/millbo.com\\\/wp-content\\\/uploads\\\/sites\\\/2\\\/2023\\\/05\\\/logo_millbo.png\",\"contentUrl\":\"https:\\\/\\\/millbo.com\\\/wp-content\\\/uploads\\\/sites\\\/2\\\/2023\\\/05\\\/logo_millbo.png\",\"width\":310,\"height\":102,\"caption\":\"Millbo srl\"},\"image\":{\"@id\":\"https:\\\/\\\/millbo.com\\\/#\\\/schema\\\/logo\\\/image\\\/\"},\"sameAs\":[\"https:\\\/\\\/www.instagram.com\\\/millbochannel\"]}]}<\/script>\n<!-- \/ Yoast SEO plugin. -->","yoast_head_json":{"title":"Cookies Policy - Millbo","robots":{"index":"index","follow":"follow","max-snippet":"max-snippet:-1","max-image-preview":"max-image-preview:large","max-video-preview":"max-video-preview:-1"},"canonical":"https:\/\/millbo.com\/en\/cookies-policy\/","og_locale":"en_US","og_type":"article","og_title":"Cookies Policy - Millbo","og_description":"Privacy Policy e Cookies La presente informativa \u00e8 resa agli Utenti del sito web https:\/\/millbo.com\/\/ (di seguito: &#8220;Sito web&#8221;) ai sensi dell\u2019art. 13 del Regolamento 679\/2016 \u2013 GDPR ed ha lo scopo di descrivere le modalit\u00e0 di gestione del Sito con riferimento al trattamento dei dati personali. TITOLARE DEL SITO WEB E DEL TRATTAMENTO E [&hellip;]","og_url":"https:\/\/millbo.com\/en\/cookies-policy\/","og_site_name":"Millbo","article_modified_time":"2026-03-20T15:24:24+00:00","twitter_card":"summary_large_image","twitter_misc":{"Est. reading time":"6 minutes"},"schema":{"@context":"https:\/\/schema.org","@graph":[{"@type":"WebPage","@id":"https:\/\/millbo.com\/cookies-policy","url":"https:\/\/millbo.com\/cookies-policy","name":"Cookies Policy - Millbo","isPartOf":{"@id":"https:\/\/millbo.com\/#website"},"datePublished":"2023-10-10T13:30:34+00:00","dateModified":"2026-03-20T15:24:24+00:00","breadcrumb":{"@id":"https:\/\/millbo.com\/cookies-policy#breadcrumb"},"inLanguage":"en-US","potentialAction":[{"@type":"ReadAction","target":["https:\/\/millbo.com\/cookies-policy"]}]},{"@type":"BreadcrumbList","@id":"https:\/\/millbo.com\/cookies-policy#breadcrumb","itemListElement":[{"@type":"ListItem","position":1,"name":"Home","item":"https:\/\/millbo.com\/"},{"@type":"ListItem","position":2,"name":"Cookies Policy"}]},{"@type":"WebSite","@id":"https:\/\/millbo.com\/#website","url":"https:\/\/millbo.com\/","name":"Millbo","description":"Natural solution for contemporary baking","publisher":{"@id":"https:\/\/millbo.com\/#organization"},"potentialAction":[{"@type":"SearchAction","target":{"@type":"EntryPoint","urlTemplate":"https:\/\/millbo.com\/?s={search_term_string}"},"query-input":{"@type":"PropertyValueSpecification","valueRequired":true,"valueName":"search_term_string"}}],"inLanguage":"en-US"},{"@type":"Organization","@id":"https:\/\/millbo.com\/#organization","name":"Millbo srl","url":"https:\/\/millbo.com\/","logo":{"@type":"ImageObject","inLanguage":"en-US","@id":"https:\/\/millbo.com\/#\/schema\/logo\/image\/","url":"https:\/\/millbo.com\/wp-content\/uploads\/sites\/2\/2023\/05\/logo_millbo.png","contentUrl":"https:\/\/millbo.com\/wp-content\/uploads\/sites\/2\/2023\/05\/logo_millbo.png","width":310,"height":102,"caption":"Millbo srl"},"image":{"@id":"https:\/\/millbo.com\/#\/schema\/logo\/image\/"},"sameAs":["https:\/\/www.instagram.com\/millbochannel"]}]}},"_links":{"self":[{"href":"https:\/\/millbo.com\/en\/wp-json\/wp\/v2\/pages\/2513","targetHints":{"allow":["GET"]}}],"collection":[{"href":"https:\/\/millbo.com\/en\/wp-json\/wp\/v2\/pages"}],"about":[{"href":"https:\/\/millbo.com\/en\/wp-json\/wp\/v2\/types\/page"}],"author":[{"embeddable":true,"href":"https:\/\/millbo.com\/en\/wp-json\/wp\/v2\/users\/1"}],"replies":[{"embeddable":true,"href":"https:\/\/millbo.com\/en\/wp-json\/wp\/v2\/comments?post=2513"}],"version-history":[{"count":19,"href":"https:\/\/millbo.com\/en\/wp-json\/wp\/v2\/pages\/2513\/revisions"}],"predecessor-version":[{"id":3833,"href":"https:\/\/millbo.com\/en\/wp-json\/wp\/v2\/pages\/2513\/revisions\/3833"}],"wp:attachment":[{"href":"https:\/\/millbo.com\/en\/wp-json\/wp\/v2\/media?parent=2513"}],"curies":[{"name":"wp","href":"https:\/\/api.w.org\/{rel}","templated":true}]}}